{"id":414,"date":"2026-03-21T15:39:21","date_gmt":"2026-03-21T15:39:21","guid":{"rendered":"https:\/\/lulabookstore.com\/?page_id=414"},"modified":"2026-03-21T15:39:21","modified_gmt":"2026-03-21T15:39:21","slug":"chinh-sach-hoan-tien","status":"publish","type":"page","link":"https:\/\/lulabookstore.com\/index.php\/chinh-sach-hoan-tien\/","title":{"rendered":"Ch\u00ednh s\u00e1ch ho\u00e0n ti\u1ec1n"},"content":{"rendered":"\n<p>Ch\u00fang t\u00f4i s\u1ebd th\u1ef1c hi\u1ec7n vi\u1ec7c \u0111\u1ed5i\/tr\u1ea3 h\u00e0ng v\u00e0&nbsp;<strong>ho\u00e0n l\u1ea1i 100% ti\u1ec1n cho kh\u00e1ch h\u00e0ng<\/strong>&nbsp;trong nh\u1eefng tr\u01b0\u1eddng h\u1ee3p sau:<\/p>\n\n\n\n<ul class=\"wp-block-list\">\n<li><strong>S\u1ea3n ph\u1ea9m Ch\u00fang t\u00f4i giao kh\u00f4ng \u0111\u00fang \u0111\u01a1n \u0111\u1eb7t h\u00e0ng<\/strong>\u00a0(t\u00ean s\u1ea3n ph\u1ea9m, k\u00edch th\u01b0\u1edbc, m\u1eabu m\u00e3, m\u00e0u s\u1eafc)<\/li>\n\n\n\n<li><strong>S\u1ea3n ph\u1ea9m Ch\u00fang t\u00f4i giao b\u1ecb l\u1ed7i ho\u1eb7c \u0111\u00e3 qua s\u1eed d\u1ee5ng<\/strong>\n<ul class=\"wp-block-list\">\n<li>Tr\u01b0\u1eddng h\u1ee3p s\u1ea3n ph\u1ea9m h\u01b0 h\u1ea1i do qu\u00e1 tr\u00ecnh v\u1eadn chuy\u1ec3n ho\u1eb7c do nh\u00e0 s\u1ea3n xu\u1ea5t th\u00ec qu\u00fd kh\u00e1ch c\u00f3 th\u1ec3 t\u1eeb ch\u1ed1i nh\u1eadn v\u00e0 y\u00eau c\u1ea7u b\u1ed9 ph\u1eadn giao h\u00e0ng li\u00ean h\u1ec7 tr\u1ef1c ti\u1ebfp v\u1edbi ch\u00fang t\u00f4i.<\/li>\n\n\n\n<li>V\u1edbi nh\u1eefng s\u1ea3n ph\u1ea9m b\u1ea3o h\u00e0nh \u0111\u00e3 qua s\u1eed d\u1ee5ng, khi m\u00e3 s\u1ea3n ph\u1ea9m, nh\u00e3n s\u1ea3n ph\u1ea9m h\u00e3ng kh\u00f4ng c\u00f2n s\u1ea3n xu\u1ea5t ho\u1eb7c do l\u00fd do b\u1ea5t kh\u1ea3 kh\u00e1ng, ch\u00fang t\u00f4i s\u1ebd kh\u1ea5u hao th\u1eddi gian s\u1eed d\u1ee5ng theo cam k\u1ebft c\u1ee7a t\u1eebng nh\u00e3n h\u00e0ng t\u1edbi \u0111\u1ea1i l\u00fd v\u00e0 kh\u00e1ch h\u00e0ng mua h\u00e0ng tr\u1ef1c ti\u1ebfp.<\/li>\n<\/ul>\n<\/li>\n\n\n\n<li><strong>S\u1ea3n ph\u1ea9m kh\u00f4ng h\u00e0i l\u00f2ng qu\u00fd kh\u00e1ch h\u00e0ng:\u00a0<\/strong>N\u1ebfu s\u1ea3n ph\u1ea9m kh\u00f4ng h\u00e0i l\u00f2ng kh\u00e1ch h\u00e0ng do th\u00e1i \u0111\u1ed9 ph\u1ee5c v\u1ee5, th\u1eddi gian giao h\u00e0ng kh\u00f4ng nh\u01b0 l\u1ecbch h\u1eb9n ch\u00fang t\u00f4i s\u1ebd ho\u00e0n l\u1ea1i 100% ti\u1ec1n cho kh\u00e1ch h\u00e0ng.<\/li>\n<\/ul>\n","protected":false},"excerpt":{"rendered":"<p>Ch\u00fang t\u00f4i s\u1ebd th\u1ef1c hi\u1ec7n vi\u1ec7c \u0111\u1ed5i\/tr\u1ea3 h\u00e0ng v\u00e0&nbsp;ho\u00e0n l\u1ea1i 100% ti\u1ec1n cho kh\u00e1ch h\u00e0ng&nbsp;trong nh\u1eefng tr\u01b0\u1eddng h\u1ee3p sau:<\/p>\n","protected":false},"author":1,"featured_media":0,"parent":0,"menu_order":0,"comment_status":"closed","ping_status":"closed","template":"","meta":{"site-sidebar-layout":"default","site-content-layout":"","ast-site-content-layout":"default","site-content-style":"default","site-sidebar-style":"default","ast-global-header-display":"","ast-banner-title-visibility":"","ast-main-header-display":"","ast-hfb-above-header-display":"","ast-hfb-below-header-display":"","ast-hfb-mobile-header-display":"","site-post-title":"","ast-breadcrumbs-content":"","ast-featured-img":"","footer-sml-layout":"","ast-disable-related-posts":"","theme-transparent-header-meta":"","adv-header-id-meta":"","stick-header-meta":"","header-above-stick-meta":"","header-main-stick-meta":"","header-below-stick-meta":"","astra-migrate-meta-layouts":"default","ast-page-background-enabled":"default","ast-page-background-meta":{"desktop":{"background-color":"var(--ast-global-color-5)","background-image":"","background-repeat":"repeat","background-position":"center center","background-size":"auto","background-attachment":"scroll","background-type":"","background-media":"","overlay-type":"","overlay-color":"","overlay-opacity":"","overlay-gradient":""},"tablet":{"background-color":"","background-image":"","background-repeat":"repeat","background-position":"center center","background-size":"auto","background-attachment":"scroll","background-type":"","background-media":"","overlay-type":"","overlay-color":"","overlay-opacity":"","overlay-gradient":""},"mobile":{"background-color":"","background-image":"","background-repeat":"repeat","background-position":"center center","background-size":"auto","background-attachment":"scroll","background-type":"","background-media":"","overlay-type":"","overlay-color":"","overlay-opacity":"","overlay-gradient":""}},"ast-content-background-meta":{"desktop":{"background-color":"var(--ast-global-color-4)","background-image":"","background-repeat":"repeat","background-position":"center center","background-size":"auto","background-attachment":"scroll","background-type":"","background-media":"","overlay-type":"","overlay-color":"","overlay-opacity":"","overlay-gradient":""},"tablet":{"background-color":"var(--ast-global-color-4)","background-image":"","background-repeat":"repeat","background-position":"center center","background-size":"auto","background-attachment":"scroll","background-type":"","background-media":"","overlay-type":"","overlay-color":"","overlay-opacity":"","overlay-gradient":""},"mobile":{"background-color":"var(--ast-global-color-4)","background-image":"","background-repeat":"repeat","background-position":"center center","background-size":"auto","background-attachment":"scroll","background-type":"","background-media":"","overlay-type":"","overlay-color":"","overlay-opacity":"","overlay-gradient":""}},"footnotes":""},"class_list":["post-414","page","type-page","status-publish","hentry"],"_links":{"self":[{"href":"https:\/\/lulabookstore.com\/index.php\/wp-json\/wp\/v2\/pages\/414","targetHints":{"allow":["GET"]}}],"collection":[{"href":"https:\/\/lulabookstore.com\/index.php\/wp-json\/wp\/v2\/pages"}],"about":[{"href":"https:\/\/lulabookstore.com\/index.php\/wp-json\/wp\/v2\/types\/page"}],"author":[{"embeddable":true,"href":"https:\/\/lulabookstore.com\/index.php\/wp-json\/wp\/v2\/users\/1"}],"replies":[{"embeddable":true,"href":"https:\/\/lulabookstore.com\/index.php\/wp-json\/wp\/v2\/comments?post=414"}],"version-history":[{"count":1,"href":"https:\/\/lulabookstore.com\/index.php\/wp-json\/wp\/v2\/pages\/414\/revisions"}],"predecessor-version":[{"id":415,"href":"https:\/\/lulabookstore.com\/index.php\/wp-json\/wp\/v2\/pages\/414\/revisions\/415"}],"wp:attachment":[{"href":"https:\/\/lulabookstore.com\/index.php\/wp-json\/wp\/v2\/media?parent=414"}],"curies":[{"name":"wp","href":"https:\/\/api.w.org\/{rel}","templated":true}]}}