{"id":412,"date":"2026-03-21T15:37:31","date_gmt":"2026-03-21T15:37:31","guid":{"rendered":"https:\/\/lulabookstore.com\/?page_id=412"},"modified":"2026-03-27T13:23:09","modified_gmt":"2026-03-27T13:23:09","slug":"chinh-sach-van-chuyen","status":"publish","type":"page","link":"https:\/\/lulabookstore.com\/index.php\/chinh-sach-van-chuyen\/","title":{"rendered":"Ch\u00ednh s\u00e1ch v\u1eadn chuy\u1ec3n"},"content":{"rendered":"\n<h2 class=\"wp-block-heading\">1. Cam k\u1ebft giao h\u00e0ng \u0111\u00fang h\u1eb9n<\/h2>\n\n\n\n<p><strong>Giao h\u00e0ng nhanh v\u00e0 \u0111\u00fang h\u1eb9n cho 95% \u0111\u01a1n h\u00e0ng<\/strong>&nbsp;l\u00e0 m\u1ee5c ti\u00eau m\u00e0 \u0111\u1ed9i ng\u0169 v\u1eadn h\u00e0nh c\u1ee7a ch\u00fang t\u00f4i \u0111ang h\u01b0\u1edbng t\u1edbi. Kh\u00e1ch h\u00e0ng h\u00e3y tin \u1edf&nbsp;<strong>lulabookstore<\/strong>, ch\u00fang t\u00f4i s\u1ebd l\u00e0m \u0111\u01b0\u1ee3c trong n\u0103m 2021!. Hi\u1ec7n t\u1ea1i Sachngoaingugiare&nbsp;\u0111ang l\u00e0&nbsp;\u0111\u1ed1i t\u00e1c l\u1edbn&nbsp;v\u1edbi c\u00e1c \u0111\u01a1n v\u1ecb giao h\u00e0ng n\u1ed5i ti\u1ebfng c\u00f3 uy t\u00edn nh\u01b0&nbsp;<strong>ViettelPost<\/strong><\/p>\n\n\n\n<ul class=\"wp-block-list\">\n<li>C\u00e1c \u0111\u01a1n h\u00e0ng ph\u00e1t sinh t\u1eeb \u0110\u00e0 N\u1eb5ng tr\u1edf ra khu v\u1ef1c ph\u00eda B\u1eafc s\u1ebd \u0111\u01b0\u1ee3c g\u1eedi \u0111i t\u1eeb trung t\u00e2m v\u1eadn h\u00e0nh ph\u00eda B\u1eafc c\u1ee7a <strong>lulabookstore<\/strong>,<\/li>\n\n\n\n<li>C\u00e1c \u0111\u01a1n c\u00f2n l\u1ea1i s\u1ebd \u0111\u01b0\u1ee3c \u0111\u00f3ng g\u00f3i v\u00e0 v\u1eadn chuy\u1ec3n t\u1eeb trung t\u00e2m ph\u00eda Nam.<\/li>\n<\/ul>\n\n\n\n<h2 class=\"wp-block-heading\">2. Th\u1eddi gian v\u1eadn chuy\u1ec3n<\/h2>\n\n\n\n<ul class=\"wp-block-list\">\n<li><strong>Giao h\u00e0ng n\u1ed9i th\u00e0nh H\u00e0 N\u1ed9i nhanh nh\u1ea5t 2h ch\u1eadm nh\u1ea5t 24h:<\/strong>&nbsp;Kh\u00e1ch h\u00e0ng s\u1ebd nh\u1eadn \u0111\u01b0\u1ee3c trong v\u00f2ng 24 ti\u1ebfng k\u1ec3 t\u1eeb khi \u0111\u01b0\u1ee3c x\u00e1c nh\u1eadn \u0111\u01a1n h\u00e0ng (tr\u1eeb tr\u01b0\u1eddng h\u1ee3p \u0111\u01a1n h\u00e0ng d\u1ea1ng \u0111\u1eb7t tr\u01b0\u1edbc ho\u1eb7c ch\u01b0a \u0111\u1ee7 t\u1ed3n kho, <strong>lulabookstore<\/strong> s\u1ebd g\u1eedi \u0111i t\u1eeb kho v\u1eadn h\u00e0nh kh\u00e1c t\u1ec9nh v\u00e0 CSKH c\u1ee7a <strong>lulabookstore<\/strong> s\u1ebd th\u00f4ng b\u00e1o cho kh\u00e1ch h\u00e0ng v\u1ec1 v\u1ea5n \u0111\u1ec1 n\u00e0y). Th\u00f4ng th\u01b0\u1eddng c\u00f3 th\u1ec3 s\u1edbm h\u01a1n tu\u1ef3 thu\u1ed9c v\u00e0o th\u1eddi gian kh\u00e1ch h\u00e0ng \u0111\u1eb7t (Kh\u00f4ng t\u00ednh ch\u1ee7 nh\u1eadt v\u00e0 ng\u00e0y l\u1ec5).<\/li>\n\n\n\n<li><strong>Giao h\u00e0ng COD to\u00e0n qu\u1ed1c nhanh ch\u00f3ng t\u1eeb 2-3 ng\u00e0y<\/strong>: n\u1ebfu sau 3 ng\u00e0y k\u1ec3 t\u1eeb khi \u0111\u1eb7t h\u00e0ng m\u00e0 Anh.Ch\u1ecb ch\u01b0a nh\u1eadn \u0111\u01b0\u1ee3c cu\u1ed9c g\u1ecdi giao h\u00e0ng c\u1ee7a b\u01b0u t\u00e1 th\u00ec vui l\u00f2ng xin li\u00ean h\u1ec7 <strong>lulabookstore<\/strong> \u0111\u1ec3 \u0111\u01b0\u1ee3c h\u1ed7 tr\u1ee3 (kh\u00f4ng bao g\u1ed3m ch\u1ee7 nh\u1eadt v\u00e0 ng\u00e0y l\u1ec5).<\/li>\n<\/ul>\n","protected":false},"excerpt":{"rendered":"<p>1. Cam k\u1ebft giao h\u00e0ng \u0111\u00fang h\u1eb9n Giao h\u00e0ng nhanh v\u00e0 \u0111\u00fang h\u1eb9n cho 95% \u0111\u01a1n h\u00e0ng&nbsp;l\u00e0 m\u1ee5c ti\u00eau m\u00e0 [&hellip;]<\/p>\n","protected":false},"author":1,"featured_media":0,"parent":0,"menu_order":0,"comment_status":"closed","ping_status":"closed","template":"","meta":{"site-sidebar-layout":"default","site-content-layout":"","ast-site-content-layout":"default","site-content-style":"default","site-sidebar-style":"default","ast-global-header-display":"","ast-banner-title-visibility":"","ast-main-header-display":"","ast-hfb-above-header-display":"","ast-hfb-below-header-display":"","ast-hfb-mobile-header-display":"","site-post-title":"","ast-breadcrumbs-content":"","ast-featured-img":"","footer-sml-layout":"","ast-disable-related-posts":"","theme-transparent-header-meta":"","adv-header-id-meta":"","stick-header-meta":"","header-above-stick-meta":"","header-main-stick-meta":"","header-below-stick-meta":"","astra-migrate-meta-layouts":"default","ast-page-background-enabled":"default","ast-page-background-meta":{"desktop":{"background-color":"var(--ast-global-color-5)","background-image":"","background-repeat":"repeat","background-position":"center center","background-size":"auto","background-attachment":"scroll","background-type":"","background-media":"","overlay-type":"","overlay-color":"","overlay-opacity":"","overlay-gradient":""},"tablet":{"background-color":"","background-image":"","background-repeat":"repeat","background-position":"center center","background-size":"auto","background-attachment":"scroll","background-type":"","background-media":"","overlay-type":"","overlay-color":"","overlay-opacity":"","overlay-gradient":""},"mobile":{"background-color":"","background-image":"","background-repeat":"repeat","background-position":"center center","background-size":"auto","background-attachment":"scroll","background-type":"","background-media":"","overlay-type":"","overlay-color":"","overlay-opacity":"","overlay-gradient":""}},"ast-content-background-meta":{"desktop":{"background-color":"var(--ast-global-color-4)","background-image":"","background-repeat":"repeat","background-position":"center center","background-size":"auto","background-attachment":"scroll","background-type":"","background-media":"","overlay-type":"","overlay-color":"","overlay-opacity":"","overlay-gradient":""},"tablet":{"background-color":"var(--ast-global-color-4)","background-image":"","background-repeat":"repeat","background-position":"center center","background-size":"auto","background-attachment":"scroll","background-type":"","background-media":"","overlay-type":"","overlay-color":"","overlay-opacity":"","overlay-gradient":""},"mobile":{"background-color":"var(--ast-global-color-4)","background-image":"","background-repeat":"repeat","background-position":"center center","background-size":"auto","background-attachment":"scroll","background-type":"","background-media":"","overlay-type":"","overlay-color":"","overlay-opacity":"","overlay-gradient":""}},"footnotes":""},"class_list":["post-412","page","type-page","status-publish","hentry"],"_links":{"self":[{"href":"https:\/\/lulabookstore.com\/index.php\/wp-json\/wp\/v2\/pages\/412","targetHints":{"allow":["GET"]}}],"collection":[{"href":"https:\/\/lulabookstore.com\/index.php\/wp-json\/wp\/v2\/pages"}],"about":[{"href":"https:\/\/lulabookstore.com\/index.php\/wp-json\/wp\/v2\/types\/page"}],"author":[{"embeddable":true,"href":"https:\/\/lulabookstore.com\/index.php\/wp-json\/wp\/v2\/users\/1"}],"replies":[{"embeddable":true,"href":"https:\/\/lulabookstore.com\/index.php\/wp-json\/wp\/v2\/comments?post=412"}],"version-history":[{"count":2,"href":"https:\/\/lulabookstore.com\/index.php\/wp-json\/wp\/v2\/pages\/412\/revisions"}],"predecessor-version":[{"id":633,"href":"https:\/\/lulabookstore.com\/index.php\/wp-json\/wp\/v2\/pages\/412\/revisions\/633"}],"wp:attachment":[{"href":"https:\/\/lulabookstore.com\/index.php\/wp-json\/wp\/v2\/media?parent=412"}],"curies":[{"name":"wp","href":"https:\/\/api.w.org\/{rel}","templated":true}]}}