{"id":3,"date":"2026-03-19T04:28:57","date_gmt":"2026-03-19T04:28:57","guid":{"rendered":"https:\/\/lulabookstore.com\/?page_id=3"},"modified":"2026-03-27T13:27:28","modified_gmt":"2026-03-27T13:27:28","slug":"chinh-sach-bao-mat","status":"publish","type":"page","link":"https:\/\/lulabookstore.com\/index.php\/chinh-sach-bao-mat\/","title":{"rendered":"Ch\u00ednh s\u00e1ch b\u1ea3o m\u1eadt"},"content":{"rendered":"\n<h2 class=\"wp-block-heading\">Ch\u00fang t\u00f4i l\u00e0 ai<\/h2>\n\n\n\n<p>CHUY\u00caN S\u00c1CH NGO\u1ea0I NG\u1eee &#8211; S\u00c1CH \u00d4N THI<\/p>\n\n\n\n<p>\u0110\u1ecba ch\u1ec9 website l\u00e0: https:\/\/lulabookstore.com.<\/p>\n\n\n\n<h2 class=\"wp-block-heading\"><strong>Hotline:<\/strong>\u00a00777837650<\/h2>\n\n\n\n<h2 class=\"wp-block-heading\"><strong>1.Thu th<\/strong><strong>\u1ead<\/strong><strong>p th<\/strong><strong>\u00f4<\/strong><strong>ng tin<\/strong><\/h2>\n\n\n\n<p>Ch\u00fang t\u00f4i thu th\u1eadp th\u00f4ng tin khi b\u1ea1n \u0111\u0103ng k\u00fd tr\u00ean Website c\u1ee7a&nbsp;<strong>lulabookstore.com<\/strong>, \u0111\u0103ng nh\u1eadp v\u00e0o t\u00e0i kho\u1ea3n, mua s\u1eafm, tham d\u1ef1 gi\u1ea3i \u0111\u1ea5u ho\u1eb7c khi \u0111\u0103ng xu\u1ea5t. C\u00e1c th\u00f4ng tin thu th\u1eadp bao g\u1ed3m t\u00ean, \u0111\u1ecba ch\u1ec9 email, s\u1ed1 \u0111i\u1ec7n tho\u1ea1i ho\u1eb7c\/v\u00e0 s\u1ed1 th\u1ebb t\u00edn d\u1ee5ng.<\/p>\n\n\n\n<p>Ngo\u00e0i ra, ch\u00fang t\u00f4i s\u1ebd t\u1ef1 \u0111\u1ed9ng thu nh\u1eadn v\u00e0 l\u01b0u tr\u1eef c\u00e1c th\u00f4ng tin m\u00e1y t\u00ednh v\u00e0 tr\u00ecnh duy\u1ec7t bao g\u1ed3m&nbsp;\u0111\u1ecba ch\u1ec9 IP, c\u00e1c thu\u1ed9c t\u00ednh ph\u1ea7n m\u1ec1m v\u00e0 ph\u1ea7n c\u1ee9ng, v\u00e0 trang m\u00e0 b\u1ea1n y\u00eau c\u1ea7u xem.<strong>&nbsp;<\/strong><\/p>\n\n\n\n<p>Ch\u00fang t\u00f4i thu th\u1eadp th\u00f4ng tin v\u1ec1 ng\u01b0\u1eddi d\u00f9ng \u0111\u00e3 b\u00ecnh lu\u1eadn tr\u00ean website s\u1eed d\u1ee5ng d\u1ecbch v\u1ee5 c\u1ee7a Akismet. C\u00e1c th\u00f4ng tin thu th\u1eadp ph\u1ee5 thu\u1ed9c v\u00e0o c\u00e1ch ng\u01b0\u1eddi s\u1eed d\u1ee5ng c\u00e0i \u0111\u1eb7t Akismet tr\u00ean website, nh\u01b0ng th\u00f4ng th\u01b0\u1eddng bao g\u1ed3m \u0111\u1ecba ch\u1ec9 IP, tr\u00ecnh duy\u1ec7t, ngu\u1ed3n \u0111\u1ebfn v\u00e0 \u0111\u1ecba ch\u1ec9 Website (b\u00ean c\u1ea1nh c\u00e1c th\u00f4ng tin kh\u00e1c ng\u01b0\u1eddi d\u00f9ng tr\u1ef1c ti\u1ebfp nh\u1eadp nh\u01b0 h\u1ecd t\u00ean, t\u00e0i kho\u1ea3n, \u0111\u1ecba ch\u1ec9 email v\u00e0 n\u1ed9i dung b\u00ecnh lu\u1eadn).<\/p>\n\n\n\n<p>Trong khi b\u1ea1n v\u00e0o trang web, ch\u00fang t\u00f4i s\u1ebd theo d\u00f5i:<\/p>\n\n\n\n<ul class=\"wp-block-list\">\n<li>S\u1ea3n ph\u1ea9m b\u1ea1n \u0111\u00e3 xem: ch\u00fang t\u00f4i s\u1ebd s\u1eed d\u1ee5ng cho, v\u00ed d\u1ee5, hi\u1ec3n th\u1ecb s\u1ea3n ph\u1ea9m b\u1ea1n \u0111\u00e3 xem g\u1ea7n \u0111\u00e2y<\/li>\n\n\n\n<li>V\u1ecb tr\u00ed, \u0111\u1ecba ch\u1ec9 IP v\u00e0 lo\u1ea1i tr\u00ecnh duy\u1ec7t: ch\u00fang t\u00f4i s\u1ebd s\u1eed d\u1ee5ng cho c\u00e1c m\u1ee5c \u0111\u00edch nh\u01b0 \u01b0\u1edbc t\u00ednh thu\u1ebf v\u00e0 giao h\u00e0ng<\/li>\n\n\n\n<li>\u0110\u1ecba ch\u1ec9 giao h\u00e0ng: Ch\u00fang t\u00f4i s\u1ebd y\u00eau c\u1ea7u b\u1ea1n \u0111i\u1ec1n \u0111i\u1ec1u n\u00e0y \u0111\u1ec3 ch\u00fang t\u00f4i c\u00f3 th\u1ec3, v\u00ed d\u1ee5, \u01b0\u1edbc t\u00ednh chi ph\u00ed giao h\u00e0ng tr\u01b0\u1edbc khi b\u1ea1n \u0111\u1eb7t h\u00e0ng, v\u00e0 g\u1eedi \u0111\u01a1n h\u00e0ng cho b\u1ea1n!<\/li>\n<\/ul>\n\n\n\n<p>Ch\u00fang t\u00f4i s\u1ebd s\u1eed d\u1ee5ng cookies \u0111\u1ec3 theo d\u00f5i n\u1ed9i dung gi\u1ecf h\u00e0ng trong khi b\u1ea1n duy\u1ec7t trang web c\u1ee7a ch\u00fang t\u00f4i<\/p>\n\n\n\n<h2 class=\"wp-block-heading\"><strong>2. S<\/strong><strong>\u1eed<\/strong><strong>&nbsp;d<\/strong><strong>\u1ee5<\/strong><strong>ng th<\/strong><strong>\u00f4<\/strong><strong>ng tin<\/strong><\/h2>\n\n\n\n<p>B\u1ea5t k\u1ef3 th\u00f4ng tin ch\u00fang t\u00f4i thu th\u1eadp t\u1eeb b\u1ea1n s\u1ebd \u0111\u01b0\u1ee3c d\u00f9ng:<\/p>\n\n\n\n<ul class=\"wp-block-list\">\n<li>\u0110\u00e1p \u1ee9ng ri\u00eang theo s\u1edf th\u00edch ri\u00eang c\u0169ng nh\u01b0 kinh nghi\u1ec7m c\u1ee7a b\u1ea1n<\/li>\n\n\n\n<li>Cung c\u1ea5p c\u00e1c n\u1ed9i dung qu\u1ea3ng c\u00e1o ph\u00f9 h\u1ee3p<\/li>\n\n\n\n<li>C\u1ea3i thi\u1ec7n trang web c\u1ee7a ch\u00fang t\u00f4i<\/li>\n\n\n\n<li>C\u1ea3i thi\u1ec7n d\u1ecbch v\u1ee5 kh\u00e1ch h\u00e0ng c\u0169ng nh\u01b0 c\u00e1c y\u00eau c\u1ea7u tr\u1ee3 gi\u00fap t\u1eeb kh\u00e1ch h\u00e0ng<\/li>\n\n\n\n<li>Li\u00ean h\u1ec7 v\u1edbi b\u1ea1n qua email<\/li>\n\n\n\n<li>Qu\u1ea3n l\u00fd c\u00e1c gi\u1ea3i \u0111\u1ea5u, khuy\u1ebfn m\u00e3i hay kh\u1ea3o s\u00e1t l\u1ea5y \u00fd ki\u1ebfn ng\u01b0\u1eddi d\u00f9ng<\/li>\n<\/ul>\n\n\n\n<h3 class=\"wp-block-heading\"><strong>3. Ch\u00ednh s\u00e1ch th<\/strong><strong>\u01b0\u01a1<\/strong><strong>ng m<\/strong><strong>\u1ea1<\/strong><strong>i&nbsp;<\/strong><strong>\u0111<\/strong><strong>i<\/strong><strong>\u1ec7<\/strong><strong>n t<\/strong><strong>\u1eed<\/strong><\/h3>\n\n\n\n<p>Ch\u00fang t\u00f4i l\u00e0 ng\u01b0\u1eddi s\u1edf h\u1eefu duy nh\u1ea5t c\u00e1c th\u00f4ng tin \u0111\u01b0\u1ee3c thu th\u1eadp tr\u00ean Website n\u00e0y. C\u00e1c th\u00f4ng tin c\u00e1 nh\u00e2n c\u1ee7a b\u1ea1n s\u1ebd kh\u00f4ng \u0111\u01b0\u1ee3c b\u00e1n, trao \u0111\u1ed5i cho m\u1ed9t b\u00ean th\u1ee9 3 n\u00e0o n\u1ebfu kh\u00f4ng c\u00f3 s\u1ef1 \u0111\u1ed3ng \u00fd t\u1eeb ng\u01b0\u1eddi d\u00f9ng ngo\u1ea1i tr\u1eeb m\u1ee5c \u0111\u00edch l\u00e0 th\u1ef1c hi\u1ec7n c\u00e1c y\u00eau c\u1ea7u, chuy\u1ec3n kho\u1ea3n thanh to\u00e1n ho\u1eb7c v\u1eadn chuy\u1ec3n \u0111\u01a1n h\u00e0ng.<\/p>\n\n\n\n<h3 class=\"wp-block-heading\"><strong>4. Th\u00f4ng c\u00e1o b\u00ean th<\/strong><strong>\u1ee9<\/strong><strong>&nbsp;3<\/strong><\/h3>\n\n\n\n<p>Ch\u00fang t\u00f4i kh\u00f4ng b\u00e1n, giao th\u01b0\u01a1ng ho\u1eb7c chuy\u1ec3n \u0111\u1ed5i c\u00e1c th\u00f4ng tin c\u00e1 nh\u00e2n cho b\u00ean ngo\u00e0i. \u0110i\u1ec1u n\u00e0y kh\u00f4ng bao g\u1ed3m c\u00e1c b\u00ean th\u1ee9 3 \u0111\u00e1ng tin c\u1eady h\u1ed7 tr\u1ee3 ch\u00fang t\u00f4i v\u1eadn h\u00e0nh trang web ho\u1eb7c d\u1ecbch v\u1ee5 c\u1ee7a ch\u00fang t\u00f4i khi m\u00e0 c\u00e1c \u0111\u1ed1i t\u00e1c n\u00e0y c\u0169ng cam k\u1ebft b\u1ea3o m\u1eadt c\u00e1c th\u00f4ng tin n\u00e0y.<\/p>\n\n\n\n<p>Ch\u00fang t\u00f4i tin r\u1eb1ng vi\u1ec7c chia s\u1ebd th\u00f4ng tin l\u00e0 c\u1ea7n thi\u1ebft trong c\u00e1c tr\u01b0\u1eddng h\u1ee3p \u0111\u1ec3 \u0111i\u1ec1u tra, ng\u0103n ch\u1eb7n ho\u1eb7c th\u1ef1c thi c\u00e1c bi\u1ec7n ph\u00e1p ch\u1ed1ng l\u1ea1i c\u00e1c ho\u1ea1t \u0111\u1ed9ng ph\u1ea1m ph\u00e1p, gian l\u1eadn \u0111\u00e1ng ng\u1edd ho\u1eb7c c\u00e1c t\u00ecnh hu\u1ed1ng c\u00f3 th\u1ec3 d\u1eabn t\u1edbi c\u00e1c nguy hi\u1ec3m cho ng\u01b0\u1eddi d\u00f9ng, c\u00e1c h\u00e0nh \u0111\u1ed9ng vi ph\u1ea1m \u0111i\u1ec1u kho\u1ea3n s\u1eed d\u1ee5ng hay \u0111\u01b0\u1ee3c y\u00eau c\u1ea7u b\u1edfi ph\u00e1p lu\u1eadt.<\/p>\n\n\n\n<p>C\u00e1c th\u00f4ng tin kh\u00f4ng ri\u00eang t\u01b0 m\u1eb7t kh\u00e1c c\u00f3 th\u1ec3 \u0111\u01b0\u1ee3c cung c\u1ea5p cho b\u00ean th\u1ee9 3 nh\u1eb1m m\u1ee5c&nbsp;\u0111\u00edch qu\u1ea3ng c\u00e1o, marketing ho\u1eb7c m\u1ee5c&nbsp;\u0111\u00edch kh\u00e1c.<\/p>\n\n\n\n<p><strong>5. B<\/strong><strong>\u1ea3<\/strong><strong>o m<\/strong><strong>\u1ead<\/strong><strong>t th<\/strong><strong>\u00f4<\/strong><strong>ng tin<\/strong><\/p>\n\n\n\n<p>Ch\u00fang t\u00f4i \u1ee9ng d\u1ee5ng nhi\u1ec1u bi\u1ec7n ph\u00e1p \u0111\u1ec3 b\u1ea3o m\u1eadt d\u1eef li\u1ec7u c\u00e1 nh\u00e2n ng\u01b0\u1eddi d\u00f9ng. C\u1ee5 th\u1ec3, ch\u00fang t\u00f4i s\u1eed d\u1ee5ng thu\u1eadt to\u00e1n m\u00e3 h\u00f3a cao c\u1ea5p \u0111\u1ec3 b\u1ea3o m\u1eadt c\u00e1c giao d\u1ecbch tr\u1ef1c tuy\u1ebfn \u0111\u00f2i h\u1ecfi s\u1ef1 b\u1ea3o v\u1ec7 cao. Mantino c\u0169ng gi\u00fap b\u1ea3o m\u1eadt th\u00f4ng tin Offline. Ch\u1ec9 nh\u1eefng nh\u00e2n vi\u00ean \u1edf nh\u1eefng v\u1ecb tr\u00ed ri\u00eang (v\u00ed d\u1ee5 nh\u01b0 thanh to\u00e1n ho\u1eb7c d\u1ecbch v\u1ee5) m\u1edbi \u0111\u01b0\u1ee3c quy\u1ec1n truy c\u1eadp c\u00e1c th\u00f4ng tin c\u00e1 nh\u00e2n. M\u00e1y t\u00ednh\/c\u00e1c m\u00e1y ch\u1ee7 d\u00f9ng \u0111\u1ec3 l\u01b0u tr\u1eef c\u00e1c th\u00f4ng tin c\u00e1 nh\u00e2n \u0111\u1ec1u \u0111\u01b0\u1ee3c \u0111\u1eb7t \u1edf m\u00f4i tr\u01b0\u1eddng kh\u00e1 b\u1ea3o m\u1eadt.<\/p>\n\n\n\n<h3 class=\"wp-block-heading\"><strong>6. Ch\u00fang t\u00f4i c\u00f3 d\u00f9ng cookies?<\/strong><\/h3>\n\n\n\n<p>C\u00e2u tr\u1ea3 l\u1eddi l\u00e0&nbsp;<strong>C\u00f3<\/strong>. Cookies \u0111\u01b0\u1ee3c ch\u00fang t\u00f4i s\u1eed d\u1ee5ng \u0111\u1ec3 c\u1ea3i thi\u1ec7n t\u00ednh ti\u1ec7n d\u1ee5ng c\u0169ng nh\u01b0 gi\u00fap nh\u1eadn di\u1ec7n c\u00e1c l\u01b0\u1ee3t \u0111\u0103ng nh\u1eadp l\u1eadp l\u1ea1i. Ngo\u00e0i ra, Cookies c\u1ee7a ch\u00fang t\u00f4i gi\u00fap theo d\u00f5i c\u0169ng nh\u01b0 \u0111\u00e1p \u1ee9ng theo nhu c\u1ea7u ri\u00eang c\u1ee7a t\u1eebng ng\u01b0\u1eddi d\u00f9ng. T\u1ea5t c\u1ea3 Cookie s\u1eed d\u1ee5ng \u0111\u1ec1u kh\u00f4ng li\u00ean quan t\u1edbi c\u00e1c th\u00f4ng tin c\u00e1 nh\u00e2n tr\u00ean Website c\u1ee7a ch\u00fang t\u00f4i.<\/p>\n\n\n\n<p>Khi b\u1ea1n mua h\u00e0ng t\u1eeb ch\u00fang t\u00f4i, ch\u00fang t\u00f4i s\u1ebd y\u00eau c\u1ea7u b\u1ea1n cung c\u1ea5p th\u00f4ng tin bao g\u1ed3m t\u00ean, \u0111\u1ecba ch\u1ec9 thanh to\u00e1n, \u0111\u1ecba ch\u1ec9 giao h\u00e0ng, \u0111\u1ecba ch\u1ec9 email, s\u1ed1 \u0111i\u1ec7n tho\u1ea1i, credit card\/th\u00f4ng tin thanh to\u00e1n v\u00e0 th\u00f4ng tin t\u00e0i kho\u1ea3n b\u1ed5 sung nh\u01b0 t\u00ean t\u00e0i kho\u1ea3n v\u00e0 m\u1eadt kh\u1ea9u. Ch\u00fang t\u00f4i s\u1eed d\u1ee5ng th\u00f4ng tin n\u00e0y cho nhi\u1ec1u m\u1ee5c \u0111\u00edch, v\u00ed d\u1ee5, nh\u01b0:<\/p>\n\n\n\n<ul class=\"wp-block-list\">\n<li>G\u1eedi cho b\u1ea1n th\u00f4ng tin v\u1ec1 t\u00e0i kho\u1ea3n v\u00e0 \u0111\u01a1n h\u00e0ng m\u00e0 b\u1ea1n \u0111\u00e3 \u0111\u1eb7t<\/li>\n\n\n\n<li>Tr\u1ea3 l\u1eddi c\u00e1c y\u00eau c\u1ea7u c\u1ee7a b\u1ea1n, bao g\u1ed3m c\u1ea3 vi\u1ec7c ho\u00e0n l\u1ea1i ti\u1ec1n v\u00e0 khi\u1ebfu n\u1ea1i<\/li>\n\n\n\n<li>X\u1eed l\u00fd thanh to\u00e1n v\u00e0 ng\u0103n ch\u1eb7n gian l\u1eadn.<\/li>\n\n\n\n<li>Thi\u1ebft l\u1eadp t\u00e0i kho\u1ea3n c\u1ee7a b\u1ea1n tr\u00ean d\u1ecbch v\u1ee5 c\u1ee7a ch\u00fang t\u00f4i<\/li>\n\n\n\n<li>Tu\u00e2n th\u1ee7 m\u1ecdi quy \u0111\u1ecbnh m\u00e0 ch\u00fang t\u00f4i \u0111\u1eb7t ra, ch\u1eb3ng h\u1ea1n nh\u01b0 l\u00e0 b\u1ecb t\u00ednh thu\u1ebf<\/li>\n\n\n\n<li>C\u1ea3i thi\u1ec7n ch\u1ea5t l\u01b0\u1ee3ng d\u1ecbch v\u1ee5 b\u00e1n h\u00e0ng c\u1ee7a c\u1eeda h\u00e0ng ch\u00fang t\u00f4i<\/li>\n\n\n\n<li>G\u1eedi cho b\u1ea1n tin nh\u1eafn khuy\u1ebfn m\u00e3i, n\u1ebfu b\u1ea1n nh\u1eadn \u0111\u01b0\u1ee3c ch\u00fang<\/li>\n<\/ul>\n\n\n\n<p>N\u1ebfu b\u1ea1n t\u1ea1o 1 t\u00e0i kho\u1ea3n,ch\u00fang t\u00f4i s\u1ebd l\u01b0u l\u1ea1i t\u00ean, \u0111\u1ecba ch\u1ec9, email v\u00e0 s\u1ed1 \u0111i\u1ec7n tho\u1ea1i, \u0111\u1ec3 s\u1eed d\u1ee5ng cho c\u00e1c l\u1ea7n thanh to\u00e1n ti\u1ebfp theo.<\/p>\n\n\n\n<h3 class=\"wp-block-heading\"><strong>7. H<\/strong><strong>\u1ee7<\/strong><strong>y nh<\/strong><strong>\u1ead<\/strong><strong>n th<\/strong><strong>\u01b0<\/strong><\/h3>\n\n\n\n<p>Ch\u00fang t\u00f4i s\u1eed d\u1ee5ng \u0111\u1ecba ch\u1ec9 Email \u0111\u01b0\u1ee3c ng\u01b0\u1eddi d\u00f9ng cung c\u1ea5p \u0111\u1ec3 g\u1eedi c\u00e1c th\u00f4ng tin v\u00e0 c\u1eadp nh\u1eadt m\u00e0 ng\u01b0\u1eddi d\u00f9ng quan t\u00e2m nh\u01b0 c\u00e1c y\u00eau c\u1ea7u \u0111\u1eb7t h\u00e0ng, c\u00e1c th\u00f4ng tin v\u1ec1 doanh nghi\u1ec7p\u2026N\u1ebfu b\u1ea5t k\u1ef3 khi n\u00e0o b\u1ea1n mu\u1ed1n h\u1ee7y nh\u1eadn th\u01b0, ch\u00fang t\u00f4i \u0111\u1ec1u \u0111\u00ednh k\u00e8m c\u00e1c h\u01b0\u1edbng d\u1eabn h\u1ee7y nh\u1eadn th\u1eed \u1edf cu\u1ed1i m\u1ed7i email.<\/p>\n\n\n\n<h3 class=\"wp-block-heading\"><strong>8. \u0110<\/strong><strong>\u1ed3<\/strong><strong>ng&nbsp;<\/strong><strong>\u00fd<\/strong><\/h3>\n\n\n\n<p>B\u1eb1ng c\u00e1ch s\u1eed d\u1ee5ng trang web c\u1ee7a ch\u00fang t\u00f4i, b\u1ea1n \u0111\u00e3 \u0111\u1ed3ng \u00fd v\u1edbi ch\u00ednh s\u00e1ch ri\u00eang t\u01b0 c\u1ee7a ch\u00fang t\u00f4i.<\/p>\n","protected":false},"excerpt":{"rendered":"<p>Ch\u00fang t\u00f4i l\u00e0 ai CHUY\u00caN S\u00c1CH NGO\u1ea0I NG\u1eee &#8211; S\u00c1CH \u00d4N THI \u0110\u1ecba ch\u1ec9 website l\u00e0: https:\/\/lulabookstore.com. Hotline:\u00a00777837650 1.Thu th\u1eadp [&hellip;]<\/p>\n","protected":false},"author":1,"featured_media":0,"parent":0,"menu_order":6,"comment_status":"closed","ping_status":"open","template":"","meta":{"site-sidebar-layout":"default","site-content-layout":"","ast-site-content-layout":"default","site-content-style":"default","site-sidebar-style":"default","ast-global-header-display":"","ast-banner-title-visibility":"","ast-main-header-display":"","ast-hfb-above-header-display":"","ast-hfb-below-header-display":"","ast-hfb-mobile-header-display":"","site-post-title":"","ast-breadcrumbs-content":"","ast-featured-img":"","footer-sml-layout":"","ast-disable-related-posts":"","theme-transparent-header-meta":"","adv-header-id-meta":"","stick-header-meta":"","header-above-stick-meta":"","header-main-stick-meta":"","header-below-stick-meta":"","astra-migrate-meta-layouts":"default","ast-page-background-enabled":"default","ast-page-background-meta":{"desktop":{"background-color":"var(--ast-global-color-5)","background-image":"","background-repeat":"repeat","background-position":"center center","background-size":"auto","background-attachment":"scroll","background-type":"","background-media":"","overlay-type":"","overlay-color":"","overlay-opacity":"","overlay-gradient":""},"tablet":{"background-color":"","background-image":"","background-repeat":"repeat","background-position":"center center","background-size":"auto","background-attachment":"scroll","background-type":"","background-media":"","overlay-type":"","overlay-color":"","overlay-opacity":"","overlay-gradient":""},"mobile":{"background-color":"","background-image":"","background-repeat":"repeat","background-position":"center center","background-size":"auto","background-attachment":"scroll","background-type":"","background-media":"","overlay-type":"","overlay-color":"","overlay-opacity":"","overlay-gradient":""}},"ast-content-background-meta":{"desktop":{"background-color":"var(--ast-global-color-4)","background-image":"","background-repeat":"repeat","background-position":"center center","background-size":"auto","background-attachment":"scroll","background-type":"","background-media":"","overlay-type":"","overlay-color":"","overlay-opacity":"","overlay-gradient":""},"tablet":{"background-color":"var(--ast-global-color-4)","background-image":"","background-repeat":"repeat","background-position":"center center","background-size":"auto","background-attachment":"scroll","background-type":"","background-media":"","overlay-type":"","overlay-color":"","overlay-opacity":"","overlay-gradient":""},"mobile":{"background-color":"var(--ast-global-color-4)","background-image":"","background-repeat":"repeat","background-position":"center center","background-size":"auto","background-attachment":"scroll","background-type":"","background-media":"","overlay-type":"","overlay-color":"","overlay-opacity":"","overlay-gradient":""}},"footnotes":""},"class_list":["post-3","page","type-page","status-publish","hentry"],"_links":{"self":[{"href":"https:\/\/lulabookstore.com\/index.php\/wp-json\/wp\/v2\/pages\/3","targetHints":{"allow":["GET"]}}],"collection":[{"href":"https:\/\/lulabookstore.com\/index.php\/wp-json\/wp\/v2\/pages"}],"about":[{"href":"https:\/\/lulabookstore.com\/index.php\/wp-json\/wp\/v2\/types\/page"}],"author":[{"embeddable":true,"href":"https:\/\/lulabookstore.com\/index.php\/wp-json\/wp\/v2\/users\/1"}],"replies":[{"embeddable":true,"href":"https:\/\/lulabookstore.com\/index.php\/wp-json\/wp\/v2\/comments?post=3"}],"version-history":[{"count":2,"href":"https:\/\/lulabookstore.com\/index.php\/wp-json\/wp\/v2\/pages\/3\/revisions"}],"predecessor-version":[{"id":637,"href":"https:\/\/lulabookstore.com\/index.php\/wp-json\/wp\/v2\/pages\/3\/revisions\/637"}],"wp:attachment":[{"href":"https:\/\/lulabookstore.com\/index.php\/wp-json\/wp\/v2\/media?parent=3"}],"curies":[{"name":"wp","href":"https:\/\/api.w.org\/{rel}","templated":true}]}}