{"id":25,"date":"2026-03-21T15:34:52","date_gmt":"2026-03-21T15:34:52","guid":{"rendered":"https:\/\/lulabookstore.com\/?page_id=25"},"modified":"2026-03-27T13:24:19","modified_gmt":"2026-03-27T13:24:19","slug":"hoan-tien-tra-hang","status":"publish","type":"page","link":"https:\/\/lulabookstore.com\/index.php\/hoan-tien-tra-hang\/","title":{"rendered":"Ch\u00ednh s\u00e1ch \u0111\u1ed5i tr\u1ea3 h\u00e0ng"},"content":{"rendered":"\n<h2 class=\"wp-block-heading\">1. \u0110i\u1ec1u ki\u1ec7n \u0111\u1ed5i tr\u1ea3<\/h2>\n\n\n\n<p>Qu\u00fd Kh\u00e1ch h\u00e0ng c\u1ea7n ki\u1ec3m tra t\u00ecnh tr\u1ea1ng s\u00e1ch v\u00e0 c\u00f3 th\u1ec3 \u0111\u1ed5i h\u00e0ng\/ tr\u1ea3 l\u1ea1i h\u00e0ng ngay t\u1ea1i th\u1eddi \u0111i\u1ec3m giao\/nh\u1eadn h\u00e0ng trong nh\u1eefng tr\u01b0\u1eddng h\u1ee3p sau:<\/p>\n\n\n\n<ul class=\"wp-block-list\">\n<li>S\u00e1ch kh\u00f4ng \u0111\u00fang ch\u1ee7ng lo\u1ea1i, m\u1eabu m\u00e3 trong \u0111\u01a1n h\u00e0ng \u0111\u00e3 \u0111\u1eb7t ho\u1eb7c nh\u01b0 tr\u00ean Website t\u1ea1i th\u1eddi \u0111i\u1ec3m \u0111\u1eb7t h\u00e0ng.<\/li>\n\n\n\n<li>Kh\u00f4ng \u0111\u1ee7 s\u1ed1 l\u01b0\u1ee3ng, kh\u00f4ng \u0111\u1ee7 b\u1ed9 nh\u01b0 trong \u0111\u01a1n h\u00e0ng.<\/li>\n\n\n\n<li>T\u00ecnh tr\u1ea1ng b\u00ean ngo\u00e0i b\u1ecb \u1ea3nh h\u01b0\u1edfng nh\u01b0 r\u00e1ch bao b\u00ec, bong tr\u00f3c,\u2026<\/li>\n\n\n\n<li>Kh\u00e1ch h\u00e0ng g\u1eedi \u1ea3nh li\u00ean quan ch\u1ee9ng minh s\u1ef1 thi\u1ebfu s\u00f3t tr\u00ean \u0111\u1ec3 ho\u00e0n th\u00e0nh vi\u1ec7c ho\u00e0n tr\u1ea3\/\u0111\u1ed5i tr\u1ea3 h\u00e0ng h\u00f3a.<\/li>\n<\/ul>\n\n\n\n<h2 class=\"wp-block-heading\">2. Quy \u0111\u1ecbnh v\u1ec1 th\u1eddi gian th\u00f4ng b\u00e1o v\u00e0 g\u1eedi s\u1ea3n ph\u1ea9m \u0111\u1ed5i tr\u1ea3<\/h2>\n\n\n\n<p>Th\u1eddi gian th\u00f4ng b\u00e1o \u0111\u1ed5i tr\u1ea3: trong v\u00f2ng 48h k\u1ec3 t\u1eeb khi nh\u1eadn s\u00e1ch.<\/p>\n\n\n\n<p>Th\u1eddi gian g\u1eedi chuy\u1ec3n tr\u1ea3 s\u1ea3n ph\u1ea9m: trong v\u00f2ng 14 ng\u00e0y k\u1ec3 t\u1eeb khi nh\u1eadn s\u1ea3n ph\u1ea9m.<\/p>\n\n\n\n<p>\u0110\u1ecba \u0111i\u1ec3m \u0111\u1ed5i tr\u1ea3 s\u1ea3n ph\u1ea9m: Kh\u00e1ch h\u00e0ng c\u00f3 th\u1ec3 mang h\u00e0ng tr\u1ef1c ti\u1ebfp \u0111\u1ebfn v\u0103n ph\u00f2ng\/ c\u1eeda h\u00e0ng c\u1ee7a ch\u00fang t\u00f4i ho\u1eb7c chuy\u1ec3n qua \u0111\u01b0\u1eddng b\u01b0u \u0111i\u1ec7n.<\/p>\n\n\n\n<p>Trong tr\u01b0\u1eddng h\u1ee3p Qu\u00fd Kh\u00e1ch h\u00e0ng c\u00f3 \u00fd ki\u1ebfn \u0111\u00f3ng g\u00f3p\/khi\u1ebfu n\u1ea1i li\u00ean quan \u0111\u1ebfn ch\u1ea5t l\u01b0\u1ee3ng s\u1ea3n ph\u1ea9m, Qu\u00fd Kh\u00e1ch h\u00e0ng vui l\u00f2ng li\u00ean h\u1ec7 \u0111\u01b0\u1eddng d\u00e2y ch\u0103m s\u00f3c kh\u00e1ch h\u00e0ng c\u1ee7a ch\u00fang t\u00f4i:&nbsp;<strong>Hotline:<\/strong>&nbsp;0777837650<\/p>\n","protected":false},"excerpt":{"rendered":"<p>1. \u0110i\u1ec1u ki\u1ec7n \u0111\u1ed5i tr\u1ea3 Qu\u00fd Kh\u00e1ch h\u00e0ng c\u1ea7n ki\u1ec3m tra t\u00ecnh tr\u1ea1ng s\u00e1ch v\u00e0 c\u00f3 th\u1ec3 \u0111\u1ed5i h\u00e0ng\/ tr\u1ea3 [&hellip;]<\/p>\n","protected":false},"author":1,"featured_media":0,"parent":0,"menu_order":0,"comment_status":"closed","ping_status":"closed","template":"","meta":{"site-sidebar-layout":"default","site-content-layout":"","ast-site-content-layout":"default","site-content-style":"default","site-sidebar-style":"default","ast-global-header-display":"","ast-banner-title-visibility":"","ast-main-header-display":"","ast-hfb-above-header-display":"","ast-hfb-below-header-display":"","ast-hfb-mobile-header-display":"","site-post-title":"","ast-breadcrumbs-content":"","ast-featured-img":"","footer-sml-layout":"","ast-disable-related-posts":"","theme-transparent-header-meta":"","adv-header-id-meta":"","stick-header-meta":"","header-above-stick-meta":"","header-main-stick-meta":"","header-below-stick-meta":"","astra-migrate-meta-layouts":"default","ast-page-background-enabled":"default","ast-page-background-meta":{"desktop":{"background-color":"var(--ast-global-color-5)","background-image":"","background-repeat":"repeat","background-position":"center center","background-size":"auto","background-attachment":"scroll","background-type":"","background-media":"","overlay-type":"","overlay-color":"","overlay-opacity":"","overlay-gradient":""},"tablet":{"background-color":"","background-image":"","background-repeat":"repeat","background-position":"center center","background-size":"auto","background-attachment":"scroll","background-type":"","background-media":"","overlay-type":"","overlay-color":"","overlay-opacity":"","overlay-gradient":""},"mobile":{"background-color":"","background-image":"","background-repeat":"repeat","background-position":"center center","background-size":"auto","background-attachment":"scroll","background-type":"","background-media":"","overlay-type":"","overlay-color":"","overlay-opacity":"","overlay-gradient":""}},"ast-content-background-meta":{"desktop":{"background-color":"var(--ast-global-color-4)","background-image":"","background-repeat":"repeat","background-position":"center center","background-size":"auto","background-attachment":"scroll","background-type":"","background-media":"","overlay-type":"","overlay-color":"","overlay-opacity":"","overlay-gradient":""},"tablet":{"background-color":"var(--ast-global-color-4)","background-image":"","background-repeat":"repeat","background-position":"center center","background-size":"auto","background-attachment":"scroll","background-type":"","background-media":"","overlay-type":"","overlay-color":"","overlay-opacity":"","overlay-gradient":""},"mobile":{"background-color":"var(--ast-global-color-4)","background-image":"","background-repeat":"repeat","background-position":"center center","background-size":"auto","background-attachment":"scroll","background-type":"","background-media":"","overlay-type":"","overlay-color":"","overlay-opacity":"","overlay-gradient":""}},"footnotes":""},"class_list":["post-25","page","type-page","status-publish","hentry"],"_links":{"self":[{"href":"https:\/\/lulabookstore.com\/index.php\/wp-json\/wp\/v2\/pages\/25","targetHints":{"allow":["GET"]}}],"collection":[{"href":"https:\/\/lulabookstore.com\/index.php\/wp-json\/wp\/v2\/pages"}],"about":[{"href":"https:\/\/lulabookstore.com\/index.php\/wp-json\/wp\/v2\/types\/page"}],"author":[{"embeddable":true,"href":"https:\/\/lulabookstore.com\/index.php\/wp-json\/wp\/v2\/users\/1"}],"replies":[{"embeddable":true,"href":"https:\/\/lulabookstore.com\/index.php\/wp-json\/wp\/v2\/comments?post=25"}],"version-history":[{"count":2,"href":"https:\/\/lulabookstore.com\/index.php\/wp-json\/wp\/v2\/pages\/25\/revisions"}],"predecessor-version":[{"id":634,"href":"https:\/\/lulabookstore.com\/index.php\/wp-json\/wp\/v2\/pages\/25\/revisions\/634"}],"wp:attachment":[{"href":"https:\/\/lulabookstore.com\/index.php\/wp-json\/wp\/v2\/media?parent=25"}],"curies":[{"name":"wp","href":"https:\/\/api.w.org\/{rel}","templated":true}]}}