{"id":22,"date":"2026-03-19T10:22:23","date_gmt":"2026-03-19T10:22:23","guid":{"rendered":"https:\/\/lulabookstore.com\/index.php\/gio-hang\/"},"modified":"2026-03-23T08:19:02","modified_gmt":"2026-03-23T08:19:02","slug":"gio-hang","status":"publish","type":"page","link":"https:\/\/lulabookstore.com\/index.php\/gio-hang\/","title":{"rendered":"Gi\u1ecf h\u00e0ng"},"content":{"rendered":"\n<div data-block-name=\"woocommerce\/cart\" class=\"wp-block-woocommerce-cart alignwide is-loading\">\n<div data-block-name=\"woocommerce\/filled-cart-block\" class=\"wp-block-woocommerce-filled-cart-block\">\n<div data-block-name=\"woocommerce\/cart-items-block\" class=\"wp-block-woocommerce-cart-items-block\">\n<div data-block-name=\"woocommerce\/cart-line-items-block\" class=\"wp-block-woocommerce-cart-line-items-block\"><\/div>\n\n\n<\/div>\n\n\n\n\n<div data-block-name=\"woocommerce\/cart-totals-block\" class=\"wp-block-woocommerce-cart-totals-block\">\n<div data-block-name=\"woocommerce\/cart-order-summary-block\" class=\"wp-block-woocommerce-cart-order-summary-block\">\n<div data-block-name=\"woocommerce\/cart-order-summary-heading-block\" class=\"wp-block-woocommerce-cart-order-summary-heading-block\"><\/div><div data-block-name=\"woocommerce\/cart-order-summary-coupon-form-block\" class=\"wp-block-woocommerce-cart-order-summary-coupon-form-block\"><\/div><div data-block-name=\"woocommerce\/cart-order-summary-totals-block\" class=\"wp-block-woocommerce-cart-order-summary-totals-block\">\n<div data-block-name=\"woocommerce\/cart-order-summary-subtotal-block\" class=\"wp-block-woocommerce-cart-order-summary-subtotal-block\"><\/div>\n<div data-block-name=\"woocommerce\/cart-order-summary-discount-block\" class=\"wp-block-woocommerce-cart-order-summary-discount-block\"><\/div>\n<div data-block-name=\"woocommerce\/cart-order-summary-fee-block\" class=\"wp-block-woocommerce-cart-order-summary-fee-block\"><\/div>\n<div data-block-name=\"woocommerce\/cart-order-summary-shipping-block\" class=\"wp-block-woocommerce-cart-order-summary-shipping-block\"><\/div>\n<div data-block-name=\"woocommerce\/cart-order-summary-taxes-block\" class=\"wp-block-woocommerce-cart-order-summary-taxes-block\"><\/div><\/div>\n<\/div>\n\n\n\n<div data-block-name=\"woocommerce\/cart-express-payment-block\" class=\"wp-block-woocommerce-cart-express-payment-block\"><\/div>\n\n\n\n<div data-block-name=\"woocommerce\/proceed-to-checkout-block\" class=\"wp-block-woocommerce-proceed-to-checkout-block\"><\/div>\n\n\n\n<div data-block-name=\"woocommerce\/cart-accepted-payment-methods-block\" class=\"wp-block-woocommerce-cart-accepted-payment-methods-block\"><\/div>\n<\/div>\n<\/div>\n\n\n\n<div data-block-name=\"woocommerce\/empty-cart-block\" class=\"wp-block-woocommerce-empty-cart-block\">\n<h2 class=\"wp-block-heading has-text-align-center with-empty-cart-icon wc-block-cart__empty-cart__title\">Gi\u1ecf h\u00e0ng hi\u1ec7n t\u1ea1i ch\u01b0a c\u00f3 s\u1ea3n ph\u1ea9m n\u00e0o!<\/h2>\n\n\n\n<hr class=\"wp-block-separator has-alpha-channel-opacity is-style-dots\"\/>\n\n\n\n<h2 class=\"wp-block-heading has-text-align-center\">M\u1edbi trong c\u1eeda h\u00e0ng<\/h2>\n\n\n<div data-block-name=\"woocommerce\/product-new\" data-columns=\"4\" data-rows=\"1\" class=\"wc-block-grid wp-block-product-new wp-block-woocommerce-product-new wc-block-product-new has-4-columns\"><ul class=\"wc-block-grid__products\"><li class=\"wc-block-grid__product\">\n\t\t\t\t<a href=\"https:\/\/lulabookstore.com\/index.php\/san-pham\/bo-10-to-hoc-lieu-nhan-biet-toa-do-dinh-vi-huong-vi-tri-khong-gian-ren-tu-duy-giao-duc-som-montessori-hl10\/\" class=\"wc-block-grid__product-link\">\n\t\t\t\t\t\n\t\t\t\t\t<div class=\"wc-block-grid__product-image\"><img fetchpriority=\"high\" decoding=\"async\" width=\"300\" height=\"300\" src=\"https:\/\/lulabookstore.com\/wp-content\/uploads\/2026\/05\/Anh-man-hinh-2026-05-08-luc-20.47.51-300x300.png\" class=\"attachment-woocommerce_thumbnail size-woocommerce_thumbnail\" alt=\"B\u1ed9 10 t\u1edd H\u1ecdc li\u1ec7u Nh\u1eadn bi\u1ebft t\u1ecda \u0111\u1ed9, \u0111\u1ecbnh v\u1ecb h\u01b0\u1edbng, v\u1ecb tr\u00ed kh\u00f4ng gian, r\u00e8n t\u01b0 duy, gi\u00e1o d\u1ee5c s\u1edbm Montessori HL10\" srcset=\"https:\/\/lulabookstore.com\/wp-content\/uploads\/2026\/05\/Anh-man-hinh-2026-05-08-luc-20.47.51-300x300.png 300w, https:\/\/lulabookstore.com\/wp-content\/uploads\/2026\/05\/Anh-man-hinh-2026-05-08-luc-20.47.51-150x150.png 150w, https:\/\/lulabookstore.com\/wp-content\/uploads\/2026\/05\/Anh-man-hinh-2026-05-08-luc-20.47.51-100x100.png 100w\" sizes=\"(max-width: 300px) 100vw, 300px\" \/><\/div>\n\t\t\t\t\t<div class=\"wc-block-grid__product-title\">B\u1ed9 10 t\u1edd H\u1ecdc li\u1ec7u Nh\u1eadn bi\u1ebft t\u1ecda \u0111\u1ed9, \u0111\u1ecbnh v\u1ecb h\u01b0\u1edbng, v\u1ecb tr\u00ed kh\u00f4ng gian, r\u00e8n t\u01b0 duy, gi\u00e1o d\u1ee5c s\u1edbm Montessori HL10<\/div>\n\t\t\t\t<\/a>\n\t\t\t\t<div class=\"wc-block-grid__product-price price\"><span class=\"woocommerce-Price-amount amount\">20.000&nbsp;<span class=\"woocommerce-Price-currencySymbol\">&#8363;<\/span><\/span><\/div>\n\t\t\t\t\n\t\t\t\t<div class=\"wp-block-button wc-block-grid__product-add-to-cart\"><a href=\"\/index.php\/wp-json\/wp\/v2\/pages\/22?add-to-cart=825\" aria-label=\"Th\u00eam v\u00e0o gi\u1ecf h\u00e0ng: &ldquo;B\u1ed9 10 t\u1edd H\u1ecdc li\u1ec7u Nh\u1eadn bi\u1ebft t\u1ecda \u0111\u1ed9, \u0111\u1ecbnh v\u1ecb h\u01b0\u1edbng, v\u1ecb tr\u00ed kh\u00f4ng gian, r\u00e8n t\u01b0 duy, gi\u00e1o d\u1ee5c s\u1edbm Montessori HL10&rdquo;\" data-quantity=\"1\" data-product_id=\"825\" data-product_sku=\"\" data-price=\"20000\" rel=\"nofollow\" class=\"wp-block-button__link  add_to_cart_button ajax_add_to_cart\">Th\u00eam v\u00e0o gi\u1ecf h\u00e0ng<\/a><\/div>\n\t\t\t<\/li><li class=\"wc-block-grid__product\">\n\t\t\t\t<a href=\"https:\/\/lulabookstore.com\/index.php\/san-pham\/821\/\" class=\"wc-block-grid__product-link\">\n\t\t\t\t\t\n\t\t\t\t\t<div class=\"wc-block-grid__product-image\"><img decoding=\"async\" width=\"300\" height=\"300\" src=\"https:\/\/lulabookstore.com\/wp-content\/uploads\/2026\/05\/Anh-man-hinh-2026-05-08-luc-20.18.29-300x300.png\" class=\"attachment-woocommerce_thumbnail size-woocommerce_thumbnail\" alt=\"\" srcset=\"https:\/\/lulabookstore.com\/wp-content\/uploads\/2026\/05\/Anh-man-hinh-2026-05-08-luc-20.18.29-300x300.png 300w, https:\/\/lulabookstore.com\/wp-content\/uploads\/2026\/05\/Anh-man-hinh-2026-05-08-luc-20.18.29-1022x1024.png 1022w, https:\/\/lulabookstore.com\/wp-content\/uploads\/2026\/05\/Anh-man-hinh-2026-05-08-luc-20.18.29-150x150.png 150w, https:\/\/lulabookstore.com\/wp-content\/uploads\/2026\/05\/Anh-man-hinh-2026-05-08-luc-20.18.29-768x770.png 768w, https:\/\/lulabookstore.com\/wp-content\/uploads\/2026\/05\/Anh-man-hinh-2026-05-08-luc-20.18.29-1533x1536.png 1533w, https:\/\/lulabookstore.com\/wp-content\/uploads\/2026\/05\/Anh-man-hinh-2026-05-08-luc-20.18.29-600x601.png 600w, https:\/\/lulabookstore.com\/wp-content\/uploads\/2026\/05\/Anh-man-hinh-2026-05-08-luc-20.18.29-100x100.png 100w, https:\/\/lulabookstore.com\/wp-content\/uploads\/2026\/05\/Anh-man-hinh-2026-05-08-luc-20.18.29.png 1896w\" sizes=\"(max-width: 300px) 100vw, 300px\" \/><\/div>\n\t\t\t\t\t<div class=\"wc-block-grid__product-title\"><\/div>\n\t\t\t\t<\/a>\n\t\t\t\t<div class=\"wc-block-grid__product-price price\"><span class=\"woocommerce-Price-amount amount\" aria-hidden=\"true\">20.000&nbsp;<span class=\"woocommerce-Price-currencySymbol\">&#8363;<\/span><\/span> <span aria-hidden=\"true\">&ndash;<\/span> <span class=\"woocommerce-Price-amount amount\" aria-hidden=\"true\">60.000&nbsp;<span class=\"woocommerce-Price-currencySymbol\">&#8363;<\/span><\/span><span class=\"screen-reader-text\">Kho\u1ea3ng gi\u00e1: t\u1eeb 20.000&nbsp;&#8363; \u0111\u1ebfn 60.000&nbsp;&#8363;<\/span><\/div>\n\t\t\t\t\n\t\t\t\t<div class=\"wp-block-button wc-block-grid__product-add-to-cart\"><a href=\"https:\/\/lulabookstore.com\/index.php\/san-pham\/821\/\" aria-label=\"L\u1ef1a ch\u1ecdn cho &ldquo;&rdquo;\" data-quantity=\"1\" data-product_id=\"821\" data-product_sku=\"\" data-price=\"20000\" rel=\"nofollow\" class=\"wp-block-button__link  add_to_cart_button\">Ch\u1ecdn<\/a><\/div>\n\t\t\t<\/li><li class=\"wc-block-grid__product\">\n\t\t\t\t<a href=\"https:\/\/lulabookstore.com\/index.php\/san-pham\/hl6-bo-10-to-hoc-lieu-ghep-hinh-3d-phat-trien-tu-duy-sang-tao-cho-tre-em\/\" class=\"wc-block-grid__product-link\">\n\t\t\t\t\t\n\t\t\t\t\t<div class=\"wc-block-grid__product-image\"><img decoding=\"async\" width=\"300\" height=\"300\" src=\"https:\/\/lulabookstore.com\/wp-content\/uploads\/2026\/05\/Anh-man-hinh-2026-05-08-luc-19.25.00-300x300.png\" class=\"attachment-woocommerce_thumbnail size-woocommerce_thumbnail\" alt=\"HL6 \u2013 B\u1ed9 10 t\u1edd h\u1ecdc li\u1ec7u gh\u00e9p h\u00ecnh 3D ph\u00e1t tri\u1ec3n t\u01b0 duy, s\u00e1ng t\u1ea1o cho tr\u1ebb em\" srcset=\"https:\/\/lulabookstore.com\/wp-content\/uploads\/2026\/05\/Anh-man-hinh-2026-05-08-luc-19.25.00-300x300.png 300w, https:\/\/lulabookstore.com\/wp-content\/uploads\/2026\/05\/Anh-man-hinh-2026-05-08-luc-19.25.00-150x150.png 150w, https:\/\/lulabookstore.com\/wp-content\/uploads\/2026\/05\/Anh-man-hinh-2026-05-08-luc-19.25.00-100x100.png 100w\" sizes=\"(max-width: 300px) 100vw, 300px\" \/><\/div>\n\t\t\t\t\t<div class=\"wc-block-grid__product-title\">HL6 \u2013 B\u1ed9 10 t\u1edd h\u1ecdc li\u1ec7u gh\u00e9p h\u00ecnh 3D ph\u00e1t tri\u1ec3n t\u01b0 duy, s\u00e1ng t\u1ea1o cho tr\u1ebb em<\/div>\n\t\t\t\t<\/a>\n\t\t\t\t<div class=\"wc-block-grid__product-price price\"><span class=\"woocommerce-Price-amount amount\" aria-hidden=\"true\">10.000&nbsp;<span class=\"woocommerce-Price-currencySymbol\">&#8363;<\/span><\/span> <span aria-hidden=\"true\">&ndash;<\/span> <span class=\"woocommerce-Price-amount amount\" aria-hidden=\"true\">20.000&nbsp;<span class=\"woocommerce-Price-currencySymbol\">&#8363;<\/span><\/span><span class=\"screen-reader-text\">Kho\u1ea3ng gi\u00e1: t\u1eeb 10.000&nbsp;&#8363; \u0111\u1ebfn 20.000&nbsp;&#8363;<\/span><\/div>\n\t\t\t\t\n\t\t\t\t<div class=\"wp-block-button wc-block-grid__product-add-to-cart\"><a href=\"https:\/\/lulabookstore.com\/index.php\/san-pham\/hl6-bo-10-to-hoc-lieu-ghep-hinh-3d-phat-trien-tu-duy-sang-tao-cho-tre-em\/\" aria-label=\"L\u1ef1a ch\u1ecdn cho &ldquo;HL6 \u2013 B\u1ed9 10 t\u1edd h\u1ecdc li\u1ec7u gh\u00e9p h\u00ecnh 3D ph\u00e1t tri\u1ec3n t\u01b0 duy, s\u00e1ng t\u1ea1o cho tr\u1ebb em&rdquo;\" data-quantity=\"1\" data-product_id=\"802\" data-product_sku=\"\" data-price=\"10000\" rel=\"nofollow\" class=\"wp-block-button__link  add_to_cart_button\">Ch\u1ecdn<\/a><\/div>\n\t\t\t<\/li><li class=\"wc-block-grid__product\">\n\t\t\t\t<a href=\"https:\/\/lulabookstore.com\/index.php\/san-pham\/bo-10-to-ghep-hinh-xay-nha-bai-tap-logic-luyen-tu-duy-iq-nao-bo-hoc-lieu-giao-duc-som-montesori-cho-tre-mam-non-hl5\/\" class=\"wc-block-grid__product-link\">\n\t\t\t\t\t\n\t\t\t\t\t<div class=\"wc-block-grid__product-image\"><img loading=\"lazy\" decoding=\"async\" width=\"300\" height=\"300\" src=\"https:\/\/lulabookstore.com\/wp-content\/uploads\/2026\/05\/Anh-man-hinh-2026-05-08-luc-19.20.09-300x300.png\" class=\"attachment-woocommerce_thumbnail size-woocommerce_thumbnail\" alt=\"B\u1ed9 10 t\u1edd Gh\u00e9p h\u00ecnh X\u00e2y nh\u00e0, B\u00e0i t\u1eadp logic, luy\u1ec7n t\u01b0 duy IQ, n\u00e3o b\u1ed9, H\u1ecdc li\u1ec7u gi\u00e1o d\u1ee5c s\u1edbm Montesori cho tr\u1ebb m\u1ea7m non HL5\" srcset=\"https:\/\/lulabookstore.com\/wp-content\/uploads\/2026\/05\/Anh-man-hinh-2026-05-08-luc-19.20.09-300x300.png 300w, https:\/\/lulabookstore.com\/wp-content\/uploads\/2026\/05\/Anh-man-hinh-2026-05-08-luc-19.20.09-150x150.png 150w, https:\/\/lulabookstore.com\/wp-content\/uploads\/2026\/05\/Anh-man-hinh-2026-05-08-luc-19.20.09-100x100.png 100w\" sizes=\"(max-width: 300px) 100vw, 300px\" \/><\/div>\n\t\t\t\t\t<div class=\"wc-block-grid__product-title\">B\u1ed9 10 t\u1edd Gh\u00e9p h\u00ecnh X\u00e2y nh\u00e0, B\u00e0i t\u1eadp logic, luy\u1ec7n t\u01b0 duy IQ, n\u00e3o b\u1ed9, H\u1ecdc li\u1ec7u gi\u00e1o d\u1ee5c s\u1edbm Montesori cho tr\u1ebb m\u1ea7m non HL5<\/div>\n\t\t\t\t<\/a>\n\t\t\t\t<div class=\"wc-block-grid__product-price price\"><span class=\"woocommerce-Price-amount amount\">25.000&nbsp;<span class=\"woocommerce-Price-currencySymbol\">&#8363;<\/span><\/span><\/div>\n\t\t\t\t\n\t\t\t\t<div class=\"wp-block-button wc-block-grid__product-add-to-cart\"><a href=\"\/index.php\/wp-json\/wp\/v2\/pages\/22?add-to-cart=795\" aria-label=\"Th\u00eam v\u00e0o gi\u1ecf h\u00e0ng: &ldquo;B\u1ed9 10 t\u1edd Gh\u00e9p h\u00ecnh X\u00e2y nh\u00e0, B\u00e0i t\u1eadp logic, luy\u1ec7n t\u01b0 duy IQ, n\u00e3o b\u1ed9, H\u1ecdc li\u1ec7u gi\u00e1o d\u1ee5c s\u1edbm Montesori cho tr\u1ebb m\u1ea7m non HL5&rdquo;\" data-quantity=\"1\" data-product_id=\"795\" data-product_sku=\"\" data-price=\"25000\" rel=\"nofollow\" class=\"wp-block-button__link  add_to_cart_button ajax_add_to_cart\">Th\u00eam v\u00e0o gi\u1ecf h\u00e0ng<\/a><\/div>\n\t\t\t<\/li><\/ul><\/div><\/div>\n<\/div>\n","protected":false},"excerpt":{"rendered":"","protected":false},"author":1,"featured_media":0,"parent":0,"menu_order":0,"comment_status":"closed","ping_status":"closed","template":"","meta":{"site-sidebar-layout":"default","site-content-layout":"","ast-site-content-layout":"default","site-content-style":"default","site-sidebar-style":"default","ast-global-header-display":"","ast-banner-title-visibility":"","ast-main-header-display":"","ast-hfb-above-header-display":"","ast-hfb-below-header-display":"","ast-hfb-mobile-header-display":"","site-post-title":"","ast-breadcrumbs-content":"","ast-featured-img":"","footer-sml-layout":"","ast-disable-related-posts":"","theme-transparent-header-meta":"","adv-header-id-meta":"","stick-header-meta":"","header-above-stick-meta":"","header-main-stick-meta":"","header-below-stick-meta":"","astra-migrate-meta-layouts":"default","ast-page-background-enabled":"default","ast-page-background-meta":{"desktop":{"background-color":"var(--ast-global-color-5)","background-image":"","background-repeat":"repeat","background-position":"center center","background-size":"auto","background-attachment":"scroll","background-type":"","background-media":"","overlay-type":"","overlay-color":"","overlay-opacity":"","overlay-gradient":""},"tablet":{"background-color":"","background-image":"","background-repeat":"repeat","background-position":"center center","background-size":"auto","background-attachment":"scroll","background-type":"","background-media":"","overlay-type":"","overlay-color":"","overlay-opacity":"","overlay-gradient":""},"mobile":{"background-color":"","background-image":"","background-repeat":"repeat","background-position":"center center","background-size":"auto","background-attachment":"scroll","background-type":"","background-media":"","overlay-type":"","overlay-color":"","overlay-opacity":"","overlay-gradient":""}},"ast-content-background-meta":{"desktop":{"background-color":"var(--ast-global-color-4)","background-image":"","background-repeat":"repeat","background-position":"center center","background-size":"auto","background-attachment":"scroll","background-type":"","background-media":"","overlay-type":"","overlay-color":"","overlay-opacity":"","overlay-gradient":""},"tablet":{"background-color":"var(--ast-global-color-4)","background-image":"","background-repeat":"repeat","background-position":"center center","background-size":"auto","background-attachment":"scroll","background-type":"","background-media":"","overlay-type":"","overlay-color":"","overlay-opacity":"","overlay-gradient":""},"mobile":{"background-color":"var(--ast-global-color-4)","background-image":"","background-repeat":"repeat","background-position":"center center","background-size":"auto","background-attachment":"scroll","background-type":"","background-media":"","overlay-type":"","overlay-color":"","overlay-opacity":"","overlay-gradient":""}},"footnotes":""},"class_list":["post-22","page","type-page","status-publish","hentry"],"_links":{"self":[{"href":"https:\/\/lulabookstore.com\/index.php\/wp-json\/wp\/v2\/pages\/22","targetHints":{"allow":["GET"]}}],"collection":[{"href":"https:\/\/lulabookstore.com\/index.php\/wp-json\/wp\/v2\/pages"}],"about":[{"href":"https:\/\/lulabookstore.com\/index.php\/wp-json\/wp\/v2\/types\/page"}],"author":[{"embeddable":true,"href":"https:\/\/lulabookstore.com\/index.php\/wp-json\/wp\/v2\/users\/1"}],"replies":[{"embeddable":true,"href":"https:\/\/lulabookstore.com\/index.php\/wp-json\/wp\/v2\/comments?post=22"}],"version-history":[{"count":1,"href":"https:\/\/lulabookstore.com\/index.php\/wp-json\/wp\/v2\/pages\/22\/revisions"}],"predecessor-version":[{"id":579,"href":"https:\/\/lulabookstore.com\/index.php\/wp-json\/wp\/v2\/pages\/22\/revisions\/579"}],"wp:attachment":[{"href":"https:\/\/lulabookstore.com\/index.php\/wp-json\/wp\/v2\/media?parent=22"}],"curies":[{"name":"wp","href":"https:\/\/api.w.org\/{rel}","templated":true}]}}